{"id":423,"date":"2017-02-15T11:00:05","date_gmt":"2017-02-15T08:00:05","guid":{"rendered":"http:\/\/www.arcparc.ro\/?page_id=423"},"modified":"2019-09-10T14:37:41","modified_gmt":"2019-09-10T11:37:41","slug":"proiect-regulament-de-functionare","status":"publish","type":"page","link":"http:\/\/www.arcparc.ro\/ro\/proiect-regulament-de-functionare\/","title":{"rendered":"REGULAMENT DE FUNCTIONARE"},"content":{"rendered":"<p><a href=\"http:\/\/www.arcparc.ro\/wp-content\/uploads\/2018\/02\/REGULAMENT-DE-ORGANIZARE-FUNCTIONARE-SI-DEZVOLTARE.pdf\" target=\"_blank\" rel=\"noopener\"> REGULAMENT DE ORGANIZARE FUNCTIONARE SI DEZVOLTARE<\/a><\/p>\n<h6>Not\u0103: articolul 2 punctul f) a fost anulat prin Hot\u0103r\u00e2re Judec\u0103toreasc\u0103<\/h6>\n","protected":false},"excerpt":{"rendered":"<p>REGULAMENT DE ORGANIZARE FUNCTIONARE SI DEZVOLTARE Not\u0103: articolul 2 punctul f) a fost anulat prin Hot\u0103r\u00e2re Judec\u0103toreasc\u0103<\/p>\n","protected":false},"author":1,"featured_media":0,"parent":0,"menu_order":0,"comment_status":"closed","ping_status":"closed","template":"","meta":{"_exactmetrics_skip_tracking":false,"_exactmetrics_sitenote_active":false,"_exactmetrics_sitenote_note":"","_exactmetrics_sitenote_category":0,"footnotes":""},"class_list":["post-423","page","type-page","status-publish","hentry"],"_links":{"self":[{"href":"http:\/\/www.arcparc.ro\/ro\/wp-json\/wp\/v2\/pages\/423","targetHints":{"allow":["GET"]}}],"collection":[{"href":"http:\/\/www.arcparc.ro\/ro\/wp-json\/wp\/v2\/pages"}],"about":[{"href":"http:\/\/www.arcparc.ro\/ro\/wp-json\/wp\/v2\/types\/page"}],"author":[{"embeddable":true,"href":"http:\/\/www.arcparc.ro\/ro\/wp-json\/wp\/v2\/users\/1"}],"replies":[{"embeddable":true,"href":"http:\/\/www.arcparc.ro\/ro\/wp-json\/wp\/v2\/comments?post=423"}],"version-history":[{"count":14,"href":"http:\/\/www.arcparc.ro\/ro\/wp-json\/wp\/v2\/pages\/423\/revisions"}],"predecessor-version":[{"id":758,"href":"http:\/\/www.arcparc.ro\/ro\/wp-json\/wp\/v2\/pages\/423\/revisions\/758"}],"wp:attachment":[{"href":"http:\/\/www.arcparc.ro\/ro\/wp-json\/wp\/v2\/media?parent=423"}],"curies":[{"name":"wp","href":"https:\/\/api.w.org\/{rel}","templated":true}]}}